{"id":23,"date":"2024-05-28T11:24:25","date_gmt":"2024-05-28T09:24:25","guid":{"rendered":"https:\/\/marnerecyclage.com\/?page_id=23"},"modified":"2024-05-31T16:45:32","modified_gmt":"2024-05-31T14:45:32","slug":"accueil","status":"publish","type":"page","link":"https:\/\/www.marnerecyclage.com\/","title":{"rendered":"Accueil"},"content":{"rendered":"\n<p class=\"has-text-align-center\"><strong>Bienvenue sur le site de Marne Recyclage !<\/strong><\/p>\n\n\n<div aria-live=\"polite\" id=\"soliloquy-container-30_1\" class=\"soliloquy-container soliloquy-transition-fade  soliloquy-theme-classic\" style=\"max-width:960px;max-height:600px;\"><ul id=\"soliloquy-30_1\" class=\"soliloquy-slider soliloquy-slides soliloquy-wrap soliloquy-clear\"><li aria-hidden=\"true\" class=\"soliloquy-item soliloquy-item-1 soliloquy-image-slide\" draggable=\"false\" style=\"list-style:none\"><img decoding=\"async\" id=\"soliloquy-image-31\" class=\"soliloquy-image soliloquy-image-1\" src=\"https:\/\/www.marnerecyclage.com\/wp-content\/uploads\/2024\/05\/site-ad-960x600_c.jpg\" alt=\"site-ad\" \/><\/li><li aria-hidden=\"true\" class=\"soliloquy-item soliloquy-item-2 soliloquy-image-slide\" draggable=\"false\" style=\"list-style:none\"><img decoding=\"async\" id=\"soliloquy-image-32\" class=\"soliloquy-image soliloquy-image-2\" src=\"https:\/\/www.marnerecyclage.com\/wp-content\/uploads\/2024\/05\/BRL2-960x600_c.jpg\" alt=\"MR2\" \/><\/li><li aria-hidden=\"true\" class=\"soliloquy-item soliloquy-item-3 soliloquy-image-slide\" draggable=\"false\" style=\"list-style:none\"><img decoding=\"async\" id=\"soliloquy-image-33\" class=\"soliloquy-image soliloquy-image-3\" src=\"https:\/\/www.marnerecyclage.com\/wp-content\/uploads\/2024\/05\/BRL3-960x600_c.jpg\" alt=\"MR3\" \/><\/li><\/ul><\/div><noscript><style type=\"text\/css\">#soliloquy-container-30_1{opacity:1}<\/style><\/noscript>\n\n\n\n<p>Nous situer<\/p>\n\n\n<div id=\"wpgmza_map\" class=\"wpgmza_map\" data-settings=\"{&quot;id&quot;:&quot;1&quot;,&quot;map_title&quot;:&quot;Ma premi\\u00e8re carte&quot;,&quot;map_width&quot;:&quot;100&quot;,&quot;map_height&quot;:&quot;350&quot;,&quot;map_start_lat&quot;:&quot;48.643577&quot;,&quot;map_start_lng&quot;:&quot;4.870123999999998&quot;,&quot;map_start_location&quot;:&quot;45.950464398418106,-109.81550500000003&quot;,&quot;map_start_zoom&quot;:&quot;8&quot;,&quot;default_marker&quot;:&quot;&quot;,&quot;type&quot;:&quot;1&quot;,&quot;alignment&quot;:&quot;4&quot;,&quot;directions_enabled&quot;:&quot;0&quot;,&quot;styling_enabled&quot;:&quot;0&quot;,&quot;styling_json&quot;:&quot;&quot;,&quot;active&quot;:&quot;0&quot;,&quot;kml&quot;:&quot;&quot;,&quot;bicycle&quot;:&quot;0&quot;,&quot;traffic&quot;:&quot;0&quot;,&quot;dbox&quot;:&quot;0&quot;,&quot;dbox_width&quot;:&quot;&quot;,&quot;listmarkers&quot;:&quot;0&quot;,&quot;listmarkers_advanced&quot;:&quot;0&quot;,&quot;filterbycat&quot;:&quot;0&quot;,&quot;ugm_enabled&quot;:&quot;0&quot;,&quot;ugm_category_enabled&quot;:&quot;0&quot;,&quot;fusion&quot;:&quot;&quot;,&quot;map_width_type&quot;:&quot;%&quot;,&quot;map_height_type&quot;:&quot;px&quot;,&quot;mass_marker_support&quot;:&quot;0&quot;,&quot;ugm_access&quot;:&quot;0&quot;,&quot;order_markers_by&quot;:&quot;0&quot;,&quot;order_markers_choice&quot;:&quot;0&quot;,&quot;show_user_location&quot;:&quot;0&quot;,&quot;default_to&quot;:&quot;&quot;,&quot;other_settings&quot;:{&quot;map_type&quot;:1,&quot;sl_stroke_color&quot;:&quot;&quot;,&quot;sl_fill_color&quot;:&quot;&quot;,&quot;sl_stroke_opacity&quot;:&quot;&quot;,&quot;sl_fill_opacity&quot;:&quot;&quot;,&quot;transport_layer&quot;:false,&quot;action&quot;:&quot;wpgmza_save_map&quot;,&quot;redirect_to&quot;:&quot;\\\/wp-admin\\\/admin-post.php&quot;,&quot;map_id&quot;:&quot;1&quot;,&quot;http_referer&quot;:&quot;\\\/wp-admin\\\/admin.php?page=wp-google-maps-menu&amp;amp;action=edit&amp;amp;map_id=1&quot;,&quot;wpgmza_id&quot;:&quot;1&quot;,&quot;wpgmza_start_location&quot;:&quot;48.643577,4.870123999999998&quot;,&quot;wpgmza_start_zoom&quot;:&quot;8&quot;,&quot;wpgmza_theme_data&quot;:&quot;&quot;,&quot;store_locator_enabled&quot;:false,&quot;store_locator_search_area&quot;:&quot;radial&quot;,&quot;wpgmza_store_locator_radius_style&quot;:&quot;legacy&quot;,&quot;wpgmza_store_locator_default_radius&quot;:&quot;10&quot;,&quot;store_locator_auto_area_max_zoom&quot;:&quot;&quot;,&quot;store_locator_distance&quot;:false,&quot;wpgmza_store_locator_position&quot;:false,&quot;store_locator_show_distance&quot;:false,&quot;store_locator_category&quot;:false,&quot;wpgmza_store_locator_use_their_location&quot;:false,&quot;wpgmza_store_locator_bounce&quot;:false,&quot;wpgmza_sl_animation&quot;:null,&quot;wpgmza_store_locator_hide_before_search&quot;:false,&quot;store_locator_query_string&quot;:&quot;&quot;,&quot;store_locator_location_placeholder&quot;:&quot;&quot;,&quot;store_locator_default_address&quot;:&quot;&quot;,&quot;store_locator_name_search&quot;:false,&quot;store_locator_name_string&quot;:&quot;&quot;,&quot;store_locator_not_found_message&quot;:&quot;&quot;,&quot;wpgmza_map_align&quot;:&quot;1&quot;,&quot;jump_to_nearest_marker_on_initialization&quot;:false,&quot;automatically_pan_to_users_location&quot;:false,&quot;override_users_location_zoom_level&quot;:false,&quot;override_users_location_zoom_levels&quot;:&quot;&quot;,&quot;show_distance_from_location&quot;:false,&quot;map_max_zoom&quot;:&quot;21&quot;,&quot;map_min_zoom&quot;:&quot;0&quot;,&quot;click_open_link&quot;:false,&quot;fit_maps_bounds_to_markers&quot;:false,&quot;fit_maps_bounds_to_markers_after_filtering&quot;:false,&quot;hide_point_of_interest&quot;:false,&quot;wpgmza_zoom_on_marker_click&quot;:false,&quot;wpgmza_zoom_on_marker_click_slider&quot;:&quot;&quot;,&quot;close_infowindow_on_map_click&quot;:false,&quot;disable_lightbox_images&quot;:false,&quot;use_Raw_Jpeg_Coordinates&quot;:false,&quot;polygon_labels&quot;:false,&quot;disable_polygon_info_windows&quot;:false,&quot;enable_marker_ratings&quot;:false,&quot;only_load_markers_within_viewport&quot;:false,&quot;zoom_level_mobile_override_enabled&quot;:false,&quot;zoom_level_mobile_override&quot;:&quot;&quot;,&quot;iw_primary_color&quot;:&quot;#000000&quot;,&quot;iw_accent_color&quot;:&quot;#000000&quot;,&quot;iw_text_color&quot;:&quot;#000000&quot;,&quot;wpgmza_listmarkers_by&quot;:&quot;0&quot;,&quot;wpgmza_marker_listing_position&quot;:false,&quot;wpgmza_push_in_map&quot;:false,&quot;wpgmza_push_in_map_placement&quot;:null,&quot;wpgmza_push_in_map_width&quot;:&quot;&quot;,&quot;wpgmza_push_in_map_height&quot;:&quot;&quot;,&quot;zoom_level_on_marker_listing_override&quot;:false,&quot;zoom_level_on_marker_listing_click&quot;:&quot;&quot;,&quot;marker_listing_disable_zoom&quot;:false,&quot;datatable_no_result_message&quot;:&quot;&quot;,&quot;remove_search_box_datables&quot;:false,&quot;dataTable_pagination_style&quot;:null,&quot;datatable_search_string&quot;:&quot;&quot;,&quot;datatable_result_start&quot;:&quot;&quot;,&quot;datatable_result_of&quot;:&quot;&quot;,&quot;datatable_result_to&quot;:&quot;&quot;,&quot;datatable_result_total&quot;:&quot;&quot;,&quot;datatable_result_show&quot;:&quot;&quot;,&quot;datatable_result_entries&quot;:&quot;&quot;,&quot;wpgmza_savemap&quot;:&quot;Enregistrer la carte \\u00bb&quot;}}\" data-map-id='1' Data-maps-engine='google-maps' data-shortcode-attributes=\"{&quot;id&quot;:&quot;1&quot;}\" style=\"display:block; overflow:auto; width:100%; height:350px; float:left;\"><\/div>\n","protected":false},"excerpt":{"rendered":"<p>Bienvenue sur le site de Marne Recyclage ! Nous situer<\/p>\n","protected":false},"author":1,"featured_media":0,"parent":0,"menu_order":0,"comment_status":"closed","ping_status":"closed","template":"","meta":{"footnotes":""},"class_list":["post-23","page","type-page","status-publish","hentry"],"yoast_head":"<!-- This site is optimized with the Yoast SEO plugin v27.4 - https:\/\/yoast.com\/product\/yoast-seo-wordpress\/ -->\n<title>Accueil - Marne Recyclage<\/title>\n<meta name=\"description\" content=\"Marne Recyclage Bienvenue sur le site de Marne Recyclage, site de r\u00e9cup\u00e9ration et de traitement des d\u00e9chets ferreux et non ferreux \u00e0 Saint Dizier en Haute Marne (52).\" \/>\n<meta name=\"robots\" content=\"index, follow, max-snippet:-1, max-image-preview:large, max-video-preview:-1\" \/>\n<link rel=\"canonical\" href=\"https:\/\/www.marnerecyclage.com\/\" \/>\n<meta property=\"og:locale\" content=\"fr_FR\" \/>\n<meta property=\"og:type\" content=\"article\" \/>\n<meta property=\"og:title\" content=\"Accueil - Marne Recyclage\" \/>\n<meta property=\"og:description\" content=\"Marne Recyclage Bienvenue sur le site de Marne Recyclage, site de r\u00e9cup\u00e9ration et de traitement des d\u00e9chets ferreux et non ferreux \u00e0 Saint Dizier en Haute Marne (52).\" \/>\n<meta property=\"og:url\" content=\"https:\/\/www.marnerecyclage.com\/\" \/>\n<meta property=\"og:site_name\" content=\"Marne Recyclage\" \/>\n<meta property=\"article:modified_time\" content=\"2024-05-31T14:45:32+00:00\" \/>\n<meta name=\"twitter:card\" content=\"summary_large_image\" \/>\n<meta name=\"twitter:label1\" content=\"Dur\u00e9e de lecture estim\u00e9e\" \/>\n\t<meta name=\"twitter:data1\" content=\"1 minute\" \/>\n<script type=\"application\/ld+json\" class=\"yoast-schema-graph\">{\"@context\":\"https:\\\/\\\/schema.org\",\"@graph\":[{\"@type\":\"WebPage\",\"@id\":\"https:\\\/\\\/www.marnerecyclage.com\\\/\",\"url\":\"https:\\\/\\\/www.marnerecyclage.com\\\/\",\"name\":\"Accueil - Marne Recyclage\",\"isPartOf\":{\"@id\":\"https:\\\/\\\/www.marnerecyclage.com\\\/#website\"},\"datePublished\":\"2024-05-28T09:24:25+00:00\",\"dateModified\":\"2024-05-31T14:45:32+00:00\",\"description\":\"Marne Recyclage Bienvenue sur le site de Marne Recyclage, site de r\u00e9cup\u00e9ration et de traitement des d\u00e9chets ferreux et non ferreux \u00e0 Saint Dizier en Haute Marne (52).\",\"breadcrumb\":{\"@id\":\"https:\\\/\\\/www.marnerecyclage.com\\\/#breadcrumb\"},\"inLanguage\":\"fr-FR\",\"potentialAction\":[{\"@type\":\"ReadAction\",\"target\":[\"https:\\\/\\\/www.marnerecyclage.com\\\/\"]}]},{\"@type\":\"BreadcrumbList\",\"@id\":\"https:\\\/\\\/www.marnerecyclage.com\\\/#breadcrumb\",\"itemListElement\":[{\"@type\":\"ListItem\",\"position\":1,\"name\":\"Accueil\",\"item\":\"https:\\\/\\\/www.marnerecyclage.com\\\/\"},{\"@type\":\"ListItem\",\"position\":2,\"name\":\"Accueil\"}]},{\"@type\":\"WebSite\",\"@id\":\"https:\\\/\\\/www.marnerecyclage.com\\\/#website\",\"url\":\"https:\\\/\\\/www.marnerecyclage.com\\\/\",\"name\":\"Marne Recyclage\",\"description\":\"L&#039;\u00c9NERGIE D&#039;ENTREPRENDRE - Saint Dizier\",\"potentialAction\":[{\"@type\":\"SearchAction\",\"target\":{\"@type\":\"EntryPoint\",\"urlTemplate\":\"https:\\\/\\\/www.marnerecyclage.com\\\/?s={search_term_string}\"},\"query-input\":{\"@type\":\"PropertyValueSpecification\",\"valueRequired\":true,\"valueName\":\"search_term_string\"}}],\"inLanguage\":\"fr-FR\"}]}<\/script>\n<!-- \/ Yoast SEO plugin. -->","yoast_head_json":{"title":"Accueil - Marne Recyclage","description":"Marne Recyclage Bienvenue sur le site de Marne Recyclage, site de r\u00e9cup\u00e9ration et de traitement des d\u00e9chets ferreux et non ferreux \u00e0 Saint Dizier en Haute Marne (52).","robots":{"index":"index","follow":"follow","max-snippet":"max-snippet:-1","max-image-preview":"max-image-preview:large","max-video-preview":"max-video-preview:-1"},"canonical":"https:\/\/www.marnerecyclage.com\/","og_locale":"fr_FR","og_type":"article","og_title":"Accueil - Marne Recyclage","og_description":"Marne Recyclage Bienvenue sur le site de Marne Recyclage, site de r\u00e9cup\u00e9ration et de traitement des d\u00e9chets ferreux et non ferreux \u00e0 Saint Dizier en Haute Marne (52).","og_url":"https:\/\/www.marnerecyclage.com\/","og_site_name":"Marne Recyclage","article_modified_time":"2024-05-31T14:45:32+00:00","twitter_card":"summary_large_image","twitter_misc":{"Dur\u00e9e de lecture estim\u00e9e":"1 minute"},"schema":{"@context":"https:\/\/schema.org","@graph":[{"@type":"WebPage","@id":"https:\/\/www.marnerecyclage.com\/","url":"https:\/\/www.marnerecyclage.com\/","name":"Accueil - Marne Recyclage","isPartOf":{"@id":"https:\/\/www.marnerecyclage.com\/#website"},"datePublished":"2024-05-28T09:24:25+00:00","dateModified":"2024-05-31T14:45:32+00:00","description":"Marne Recyclage Bienvenue sur le site de Marne Recyclage, site de r\u00e9cup\u00e9ration et de traitement des d\u00e9chets ferreux et non ferreux \u00e0 Saint Dizier en Haute Marne (52).","breadcrumb":{"@id":"https:\/\/www.marnerecyclage.com\/#breadcrumb"},"inLanguage":"fr-FR","potentialAction":[{"@type":"ReadAction","target":["https:\/\/www.marnerecyclage.com\/"]}]},{"@type":"BreadcrumbList","@id":"https:\/\/www.marnerecyclage.com\/#breadcrumb","itemListElement":[{"@type":"ListItem","position":1,"name":"Accueil","item":"https:\/\/www.marnerecyclage.com\/"},{"@type":"ListItem","position":2,"name":"Accueil"}]},{"@type":"WebSite","@id":"https:\/\/www.marnerecyclage.com\/#website","url":"https:\/\/www.marnerecyclage.com\/","name":"Marne Recyclage","description":"L&#039;\u00c9NERGIE D&#039;ENTREPRENDRE - Saint Dizier","potentialAction":[{"@type":"SearchAction","target":{"@type":"EntryPoint","urlTemplate":"https:\/\/www.marnerecyclage.com\/?s={search_term_string}"},"query-input":{"@type":"PropertyValueSpecification","valueRequired":true,"valueName":"search_term_string"}}],"inLanguage":"fr-FR"}]}},"_links":{"self":[{"href":"https:\/\/www.marnerecyclage.com\/index.php\/wp-json\/wp\/v2\/pages\/23","targetHints":{"allow":["GET"]}}],"collection":[{"href":"https:\/\/www.marnerecyclage.com\/index.php\/wp-json\/wp\/v2\/pages"}],"about":[{"href":"https:\/\/www.marnerecyclage.com\/index.php\/wp-json\/wp\/v2\/types\/page"}],"author":[{"embeddable":true,"href":"https:\/\/www.marnerecyclage.com\/index.php\/wp-json\/wp\/v2\/users\/1"}],"replies":[{"embeddable":true,"href":"https:\/\/www.marnerecyclage.com\/index.php\/wp-json\/wp\/v2\/comments?post=23"}],"version-history":[{"count":3,"href":"https:\/\/www.marnerecyclage.com\/index.php\/wp-json\/wp\/v2\/pages\/23\/revisions"}],"predecessor-version":[{"id":35,"href":"https:\/\/www.marnerecyclage.com\/index.php\/wp-json\/wp\/v2\/pages\/23\/revisions\/35"}],"wp:attachment":[{"href":"https:\/\/www.marnerecyclage.com\/index.php\/wp-json\/wp\/v2\/media?parent=23"}],"curies":[{"name":"wp","href":"https:\/\/api.w.org\/{rel}","templated":true}]}}